{"id":1868,"date":"2018-12-11T13:39:55","date_gmt":"2018-12-11T12:39:55","guid":{"rendered":"https:\/\/www.platelets.eu\/impressum\/"},"modified":"2019-07-02T09:50:36","modified_gmt":"2019-07-02T07:50:36","slug":"impressum","status":"publish","type":"page","link":"https:\/\/www.platelets.eu\/de\/impressum\/","title":{"rendered":"Impressum"},"content":{"rendered":"\t\t<div data-elementor-type=\"wp-post\" data-elementor-id=\"1868\" class=\"elementor elementor-1868 elementor-90\" data-elementor-post-type=\"page\">\n\t\t\t\t\t\t<section class=\"has_eae_slider elementor-section elementor-top-section elementor-element elementor-element-9505f39 elementor-section-boxed elementor-section-height-default elementor-section-height-default\" data-eae-slider=\"32581\" data-id=\"9505f39\" data-element_type=\"section\" data-e-type=\"section\">\n\t\t\t\t\t\t<div class=\"elementor-container elementor-column-gap-default\">\n\t\t\t\t\t<div class=\"has_eae_slider aux-parallax-section elementor-column elementor-col-100 elementor-top-column elementor-element elementor-element-5ca6ab4\" data-eae-slider=\"18247\" data-id=\"5ca6ab4\" data-element_type=\"column\" data-e-type=\"column\">\n\t\t\t<div class=\"elementor-widget-wrap elementor-element-populated\">\n\t\t\t\t\t\t<div class=\"elementor-element elementor-element-6313bcf elementor-widget elementor-widget-heading\" data-id=\"6313bcf\" data-element_type=\"widget\" data-e-type=\"widget\" data-widget_type=\"heading.default\">\n\t\t\t\t<div class=\"elementor-widget-container\">\n\t\t\t\t\t<h1 class=\"elementor-heading-title elementor-size-default\">Impressum<\/h1>\t\t\t\t<\/div>\n\t\t\t\t<\/div>\n\t\t\t\t<div class=\"elementor-element elementor-element-2a05e8b elementor-widget elementor-widget-text-editor\" data-id=\"2a05e8b\" data-element_type=\"widget\" data-e-type=\"widget\" data-widget_type=\"text-editor.default\">\n\t\t\t\t<div class=\"elementor-widget-container\">\n\t\t\t\t\t\t\t\t\t<div id=\"c1815\" class=\"frame frame-default frame-type-text frame-layout-0\">\n<h2 class=\"csc-header csc-header-n2\">Angaben gem\u00e4\u00df \u00a7 5 TMG:<\/h2>\n<p class=\"bodytext\">Institut f\u00fcr Experimentelle Biomedizin \u2013 Lehrstuhl I<br \/>\nUniversit\u00e4tsklinikum W\u00fcrzburg und Rudolf-Virchow-Zentrum der Universit\u00e4t W\u00fcrzburg<\/p>\n<p>Josef-Schneider-Str. 2, D15<br \/>\n97080 W\u00fcrzburg<\/p>\n<h2 class=\"csc-header csc-header-n3\">Vertreten durch:<\/h2>\n<p class=\"bodytext\">Prof. Dr. Bernhard Nieswandt<\/p>\n<h2 class=\"csc-header csc-header-n4\">Kontakt:<\/h2>\n<p class=\"bodytext\">Telefon: <a href=\"tel:+499313188128\">+49 (0) 931-31-88128<\/a><br \/>\nTelefax: +49 (0) 931-31-881280<br \/>\nE-Mail:\u00a0<a href=\"mailto:info@thrombo-inflame.de\">info@thrombo-inflame.de<\/a><\/p>\n<\/div>\n<div id=\"c382103\" class=\"frame frame-default frame-type-text frame-layout-0\"><\/div>\n\t\t\t\t\t\t\t\t<\/div>\n\t\t\t\t<\/div>\n\t\t\t\t\t<\/div>\n\t\t<\/div>\n\t\t\t\t\t<\/div>\n\t\t<\/section>\n\t\t\t\t<\/div>\n\t\t","protected":false},"excerpt":{"rendered":"<p>Angaben gem\u00e4\u00df \u00a7 5 TMG: Institut f\u00fcr Experimentelle Biomedizin \u2013 Lehrstuhl I Universit\u00e4tsklinikum W\u00fcrzburg und Rudolf-Virchow-Zentrum der Universit\u00e4t W\u00fcrzburg Josef-Schneider-Str. 2, D15 97080 W\u00fcrzburg Vertreten durch: Prof. Dr. Bernhard Nieswandt [&hellip;]<\/p>\n","protected":false},"author":1,"featured_media":112,"parent":0,"menu_order":18,"comment_status":"closed","ping_status":"closed","template":"","meta":{"_acf_changed":false,"_exactmetrics_skip_tracking":false,"_exactmetrics_sitenote_active":false,"_exactmetrics_sitenote_note":"","_exactmetrics_sitenote_category":0,"footnotes":"","_links_to":"","_links_to_target":""},"class_list":["post-1868","page","type-page","status-publish","has-post-thumbnail","hentry"],"acf":[],"yoast_head":"<!-- This site is optimized with the Yoast SEO plugin v27.4 - https:\/\/yoast.com\/product\/yoast-seo-wordpress\/ -->\n<title>Impressum - The W\u00fcrzburg Platelet Group<\/title>\n<meta name=\"robots\" content=\"index, follow, max-snippet:-1, max-image-preview:large, max-video-preview:-1\" \/>\n<link rel=\"canonical\" href=\"https:\/\/www.platelets.eu\/imprint\/\" \/>\n<meta property=\"og:locale\" content=\"de_DE\" \/>\n<meta property=\"og:type\" content=\"article\" \/>\n<meta property=\"og:title\" content=\"Impressum - The W\u00fcrzburg Platelet Group\" \/>\n<meta property=\"og:description\" content=\"Angaben gem\u00e4\u00df \u00a7 5 TMG: Institut f\u00fcr Experimentelle Biomedizin \u2013 Lehrstuhl I Universit\u00e4tsklinikum W\u00fcrzburg und Rudolf-Virchow-Zentrum der Universit\u00e4t W\u00fcrzburg Josef-Schneider-Str. 2, D15 97080 W\u00fcrzburg Vertreten durch: Prof. Dr. Bernhard Nieswandt [&hellip;]\" \/>\n<meta property=\"og:url\" content=\"https:\/\/www.platelets.eu\/imprint\/\" \/>\n<meta property=\"og:site_name\" content=\"The W\u00fcrzburg Platelet Group\" \/>\n<meta property=\"article:modified_time\" content=\"2019-07-02T07:50:36+00:00\" \/>\n<meta property=\"og:image\" content=\"https:\/\/www.platelets.eu\/wp-content\/uploads\/2018\/11\/180514_ex_bio_I_DSC_9011.jpg\" \/>\n\t<meta property=\"og:image:width\" content=\"2048\" \/>\n\t<meta property=\"og:image:height\" content=\"1363\" \/>\n\t<meta property=\"og:image:type\" content=\"image\/jpeg\" \/>\n<meta name=\"twitter:card\" content=\"summary_large_image\" \/>\n<script type=\"application\/ld+json\" class=\"yoast-schema-graph\">{\"@context\":\"https:\\\/\\\/schema.org\",\"@graph\":[{\"@type\":\"WebPage\",\"@id\":\"https:\\\/\\\/www.platelets.eu\\\/imprint\\\/\",\"url\":\"https:\\\/\\\/www.platelets.eu\\\/imprint\\\/\",\"name\":\"Impressum - The W\u00fcrzburg Platelet Group\",\"isPartOf\":{\"@id\":\"https:\\\/\\\/www.platelets.eu\\\/de\\\/#website\"},\"primaryImageOfPage\":{\"@id\":\"https:\\\/\\\/www.platelets.eu\\\/imprint\\\/#primaryimage\"},\"image\":{\"@id\":\"https:\\\/\\\/www.platelets.eu\\\/imprint\\\/#primaryimage\"},\"thumbnailUrl\":\"https:\\\/\\\/www.platelets.eu\\\/wp-content\\\/uploads\\\/2018\\\/11\\\/180514_ex_bio_I_DSC_9011.jpg\",\"datePublished\":\"2018-12-11T12:39:55+00:00\",\"dateModified\":\"2019-07-02T07:50:36+00:00\",\"breadcrumb\":{\"@id\":\"https:\\\/\\\/www.platelets.eu\\\/imprint\\\/#breadcrumb\"},\"inLanguage\":\"de\",\"potentialAction\":[{\"@type\":\"ReadAction\",\"target\":[\"https:\\\/\\\/www.platelets.eu\\\/imprint\\\/\"]}]},{\"@type\":\"ImageObject\",\"inLanguage\":\"de\",\"@id\":\"https:\\\/\\\/www.platelets.eu\\\/imprint\\\/#primaryimage\",\"url\":\"https:\\\/\\\/www.platelets.eu\\\/wp-content\\\/uploads\\\/2018\\\/11\\\/180514_ex_bio_I_DSC_9011.jpg\",\"contentUrl\":\"https:\\\/\\\/www.platelets.eu\\\/wp-content\\\/uploads\\\/2018\\\/11\\\/180514_ex_bio_I_DSC_9011.jpg\",\"width\":2048,\"height\":1363},{\"@type\":\"BreadcrumbList\",\"@id\":\"https:\\\/\\\/www.platelets.eu\\\/imprint\\\/#breadcrumb\",\"itemListElement\":[{\"@type\":\"ListItem\",\"position\":1,\"name\":\"Home\",\"item\":\"https:\\\/\\\/www.platelets.eu\\\/\"},{\"@type\":\"ListItem\",\"position\":2,\"name\":\"Impressum\"}]},{\"@type\":\"WebSite\",\"@id\":\"https:\\\/\\\/www.platelets.eu\\\/de\\\/#website\",\"url\":\"https:\\\/\\\/www.platelets.eu\\\/de\\\/\",\"name\":\"The W\u00fcrzburg Platelet Group\",\"description\":\"\",\"publisher\":{\"@id\":\"https:\\\/\\\/www.platelets.eu\\\/de\\\/#organization\"},\"potentialAction\":[{\"@type\":\"SearchAction\",\"target\":{\"@type\":\"EntryPoint\",\"urlTemplate\":\"https:\\\/\\\/www.platelets.eu\\\/de\\\/?s={search_term_string}\"},\"query-input\":{\"@type\":\"PropertyValueSpecification\",\"valueRequired\":true,\"valueName\":\"search_term_string\"}}],\"inLanguage\":\"de\"},{\"@type\":\"Organization\",\"@id\":\"https:\\\/\\\/www.platelets.eu\\\/de\\\/#organization\",\"name\":\"The W\u00fcrzburg Platelet Group\",\"url\":\"https:\\\/\\\/www.platelets.eu\\\/de\\\/\",\"logo\":{\"@type\":\"ImageObject\",\"inLanguage\":\"de\",\"@id\":\"https:\\\/\\\/www.platelets.eu\\\/de\\\/#\\\/schema\\\/logo\\\/image\\\/\",\"url\":\"https:\\\/\\\/www.platelets.eu\\\/wp-content\\\/uploads\\\/2018\\\/11\\\/uni-wuerzburg-logo.svg\",\"contentUrl\":\"https:\\\/\\\/www.platelets.eu\\\/wp-content\\\/uploads\\\/2018\\\/11\\\/uni-wuerzburg-logo.svg\",\"caption\":\"The W\u00fcrzburg Platelet Group\"},\"image\":{\"@id\":\"https:\\\/\\\/www.platelets.eu\\\/de\\\/#\\\/schema\\\/logo\\\/image\\\/\"}}]}<\/script>\n<!-- \/ Yoast SEO plugin. -->","yoast_head_json":{"title":"Impressum - The W\u00fcrzburg Platelet Group","robots":{"index":"index","follow":"follow","max-snippet":"max-snippet:-1","max-image-preview":"max-image-preview:large","max-video-preview":"max-video-preview:-1"},"canonical":"https:\/\/www.platelets.eu\/imprint\/","og_locale":"de_DE","og_type":"article","og_title":"Impressum - The W\u00fcrzburg Platelet Group","og_description":"Angaben gem\u00e4\u00df \u00a7 5 TMG: Institut f\u00fcr Experimentelle Biomedizin \u2013 Lehrstuhl I Universit\u00e4tsklinikum W\u00fcrzburg und Rudolf-Virchow-Zentrum der Universit\u00e4t W\u00fcrzburg Josef-Schneider-Str. 2, D15 97080 W\u00fcrzburg Vertreten durch: Prof. Dr. Bernhard Nieswandt [&hellip;]","og_url":"https:\/\/www.platelets.eu\/imprint\/","og_site_name":"The W\u00fcrzburg Platelet Group","article_modified_time":"2019-07-02T07:50:36+00:00","og_image":[{"width":2048,"height":1363,"url":"https:\/\/www.platelets.eu\/wp-content\/uploads\/2018\/11\/180514_ex_bio_I_DSC_9011.jpg","type":"image\/jpeg"}],"twitter_card":"summary_large_image","schema":{"@context":"https:\/\/schema.org","@graph":[{"@type":"WebPage","@id":"https:\/\/www.platelets.eu\/imprint\/","url":"https:\/\/www.platelets.eu\/imprint\/","name":"Impressum - The W\u00fcrzburg Platelet Group","isPartOf":{"@id":"https:\/\/www.platelets.eu\/de\/#website"},"primaryImageOfPage":{"@id":"https:\/\/www.platelets.eu\/imprint\/#primaryimage"},"image":{"@id":"https:\/\/www.platelets.eu\/imprint\/#primaryimage"},"thumbnailUrl":"https:\/\/www.platelets.eu\/wp-content\/uploads\/2018\/11\/180514_ex_bio_I_DSC_9011.jpg","datePublished":"2018-12-11T12:39:55+00:00","dateModified":"2019-07-02T07:50:36+00:00","breadcrumb":{"@id":"https:\/\/www.platelets.eu\/imprint\/#breadcrumb"},"inLanguage":"de","potentialAction":[{"@type":"ReadAction","target":["https:\/\/www.platelets.eu\/imprint\/"]}]},{"@type":"ImageObject","inLanguage":"de","@id":"https:\/\/www.platelets.eu\/imprint\/#primaryimage","url":"https:\/\/www.platelets.eu\/wp-content\/uploads\/2018\/11\/180514_ex_bio_I_DSC_9011.jpg","contentUrl":"https:\/\/www.platelets.eu\/wp-content\/uploads\/2018\/11\/180514_ex_bio_I_DSC_9011.jpg","width":2048,"height":1363},{"@type":"BreadcrumbList","@id":"https:\/\/www.platelets.eu\/imprint\/#breadcrumb","itemListElement":[{"@type":"ListItem","position":1,"name":"Home","item":"https:\/\/www.platelets.eu\/"},{"@type":"ListItem","position":2,"name":"Impressum"}]},{"@type":"WebSite","@id":"https:\/\/www.platelets.eu\/de\/#website","url":"https:\/\/www.platelets.eu\/de\/","name":"The W\u00fcrzburg Platelet Group","description":"","publisher":{"@id":"https:\/\/www.platelets.eu\/de\/#organization"},"potentialAction":[{"@type":"SearchAction","target":{"@type":"EntryPoint","urlTemplate":"https:\/\/www.platelets.eu\/de\/?s={search_term_string}"},"query-input":{"@type":"PropertyValueSpecification","valueRequired":true,"valueName":"search_term_string"}}],"inLanguage":"de"},{"@type":"Organization","@id":"https:\/\/www.platelets.eu\/de\/#organization","name":"The W\u00fcrzburg Platelet Group","url":"https:\/\/www.platelets.eu\/de\/","logo":{"@type":"ImageObject","inLanguage":"de","@id":"https:\/\/www.platelets.eu\/de\/#\/schema\/logo\/image\/","url":"https:\/\/www.platelets.eu\/wp-content\/uploads\/2018\/11\/uni-wuerzburg-logo.svg","contentUrl":"https:\/\/www.platelets.eu\/wp-content\/uploads\/2018\/11\/uni-wuerzburg-logo.svg","caption":"The W\u00fcrzburg Platelet Group"},"image":{"@id":"https:\/\/www.platelets.eu\/de\/#\/schema\/logo\/image\/"}}]}},"_links":{"self":[{"href":"https:\/\/www.platelets.eu\/de\/wp-json\/wp\/v2\/pages\/1868","targetHints":{"allow":["GET"]}}],"collection":[{"href":"https:\/\/www.platelets.eu\/de\/wp-json\/wp\/v2\/pages"}],"about":[{"href":"https:\/\/www.platelets.eu\/de\/wp-json\/wp\/v2\/types\/page"}],"author":[{"embeddable":true,"href":"https:\/\/www.platelets.eu\/de\/wp-json\/wp\/v2\/users\/1"}],"replies":[{"embeddable":true,"href":"https:\/\/www.platelets.eu\/de\/wp-json\/wp\/v2\/comments?post=1868"}],"version-history":[{"count":1,"href":"https:\/\/www.platelets.eu\/de\/wp-json\/wp\/v2\/pages\/1868\/revisions"}],"predecessor-version":[{"id":1869,"href":"https:\/\/www.platelets.eu\/de\/wp-json\/wp\/v2\/pages\/1868\/revisions\/1869"}],"wp:featuredmedia":[{"embeddable":true,"href":"https:\/\/www.platelets.eu\/de\/wp-json\/wp\/v2\/media\/112"}],"wp:attachment":[{"href":"https:\/\/www.platelets.eu\/de\/wp-json\/wp\/v2\/media?parent=1868"}],"curies":[{"name":"wp","href":"https:\/\/api.w.org\/{rel}","templated":true}]}}