{"id":1894,"date":"2018-12-11T14:23:30","date_gmt":"2018-12-11T13:23:30","guid":{"rendered":"https:\/\/www.platelets.eu\/mission\/"},"modified":"2023-12-04T11:46:56","modified_gmt":"2023-12-04T10:46:56","slug":"projektziel","status":"publish","type":"page","link":"https:\/\/www.platelets.eu\/de\/tr240\/projektziel\/","title":{"rendered":"Projektziele"},"content":{"rendered":"\t\t<div data-elementor-type=\"wp-post\" data-elementor-id=\"1894\" class=\"elementor elementor-1894 elementor-583\" data-elementor-post-type=\"page\">\n\t\t\t\t\t\t<section class=\"has_eae_slider elementor-section elementor-top-section elementor-element elementor-element-dd8aa14 elementor-section-boxed elementor-section-height-default elementor-section-height-default\" data-eae-slider=\"56373\" data-id=\"dd8aa14\" data-element_type=\"section\" data-e-type=\"section\">\n\t\t\t\t\t\t<div class=\"elementor-container elementor-column-gap-no\">\n\t\t\t\t\t<div class=\"has_eae_slider aux-parallax-section elementor-column elementor-col-100 elementor-top-column elementor-element elementor-element-9e79900\" data-eae-slider=\"20649\" data-id=\"9e79900\" data-element_type=\"column\" data-e-type=\"column\">\n\t\t\t<div class=\"elementor-widget-wrap elementor-element-populated\">\n\t\t\t\t\t\t<div class=\"elementor-element elementor-element-77d7ed9 elementor-widget elementor-widget-text-editor\" data-id=\"77d7ed9\" data-element_type=\"widget\" data-e-type=\"widget\" data-widget_type=\"text-editor.default\">\n\t\t\t\t<div class=\"elementor-widget-container\">\n\t\t\t\t\t\t\t\t\t<h2>Projektziele des Sonderforschungsbereich Transregio 240<\/h2><div><a href=\"https:\/\/www.platelets.eu\/wp-content\/uploads\/2018\/12\/tr-kachel.jpg\"><img fetchpriority=\"high\" decoding=\"async\" class=\"size-full wp-image-969 alignleft\" src=\"https:\/\/www.platelets.eu\/wp-content\/uploads\/2018\/12\/tr-kachel.jpg\" alt=\"tr-kachel\" width=\"300\" height=\"300\" \/><\/a><\/div><p class=\"bodytext\">In den vergangenen Jahren wurden auf dem Gebiet der Thrombozytenbiologie sowohl in der Grundlagen- als auch in der translationalen und klinischen Forschung beachtliche Fortschritte erzielt. Die so gewonnenen neuen Erkenntnisse haben vor allem bei der Behandlung von kardio- und zerebrovaskul\u00e4ren Erkrankungen deutliche Verbesserungen erm\u00f6glicht, was sich in einer Verminderung der Morbidit\u00e4ts- und Mortalit\u00e4tsrate widerspiegelt. Ein nach wie vor bestehendes Problem ist jedoch, dass das Blutungsrisiko bei Patienten durch viele der heute standardm\u00e4\u00dfig eingesetzten Medikamente erh\u00f6ht ist. Dar\u00fcber hinaus haben j\u00fcngere Studien gezeigt, dass Throm\u00adbozyten bislang weitgehend unbekannte und unbeschriebene Funktionen unter (patho-)physio\u00adlogischen Bedingungen inne\u00adhaben, die weit \u00fcber die \u201eklassischen\u201c Vorg\u00e4nge der Blutstillung und Thrombus\u00adbildung hinaus\u00adgehen. Solche neuartigen Interak\u00adti\u00adonen wurden unter anderem bei den Prozessen der Thrombo-Inflammation, der angeborenen Immunit\u00e4t, bei zellul\u00e4ren Abwehr\u00admecha\u00adnis\u00admen sowie bei der Aufrechterhaltung der Gef\u00e4\u00df- und Organintegrit\u00e4t, bei der Gewebere\u00adgenera\u00adtion und bei proliferativen Krankheiten beobach\u00adtet.<\/p><p class=\"bodytext\">Die zu Grunde liegenden molekularen Mechanis\u00admen und die potentielle therapeutische Relevanz dieser Prozesse sind jedoch nur bruchst\u00fcckhaft verstanden. Wir gehen davon aus, dass weiterf\u00fchrende Untersuchungen zu diesen neuen Throm\u00adbo\u00adzyten\u00adfunk\u00adtionen g\u00e4nz\u00adlich neu\u00adartige Behandlungskonzepte f\u00fcr eine ganze Reihe von Erkrank\u00adungen erm\u00f6glichen wer\u00adden, die bisher nicht im Zusammenhang mit Thrombozyten gesehen wur\u00adden.<\/p><p>Der interdisziplin\u00e4re Forschungs\u00adver\u00adbund kombinierte Mausgene\u00adtik,<em>\u00a0in vivo\u00a0<\/em>Krankheitsmodelle, hochaufl\u00f6sende Mikroskopie und\u00a0<em>in vivo\u00a0<\/em>Bild\u00adgebungsverfahren, Systembiologie\/<em>Omics<\/em>, translationale Ans\u00e4tze und klinische For\u00adschung\u00ads\u00ad\u00ad\u00ad\u00adexper\u00adtise miteinander. Der SFB\/TR 240 baute auf zwei bis Ende 2017 DFG-gef\u00f6rderte Forschungsverb\u00fcnde mit Thrombo\u00adzyten\u00adschwerpunkt (SFB 688, KFO 274) auf, deren Expertise durch zus\u00e4tzliche Partner mit lang\u00adj\u00e4hri\u00ad\u00adgem Forschungsengagement auf dem Feld der Thrombozyten- und Megaka\u00adryo\u00adzyten\u00adbiologie und der thrombotischen\/thrombo-inflammatorischen Erkrankungen komplemen\u00adtiert wurde.<\/p><p>Mit dem SFB\/TR240 entstand ein einzigartiges Netzwerk von Experten in der Grundlagen-orientierten, translationa\u00adlen und kli\u00adni\u00adschen Thrombo\u00adzyten\u00adforschung das sich auf die folgenden komplement\u00e4ren Forschungsge\u00adbiete konzen\u00adtrierte:\u00a0<strong>(A)\u00a0<\/strong><em>Zellbiologie der Megakaryozyten und Thrombozyten<\/em>\u00a0mit dem Ziel eines verbes\u00adser\u00adten Verst\u00e4nd\u00adnisses der grundlegenden Funktionen beider Zelltypen und\u00a0<strong>(B)\u00a0<\/strong><em>Thrombo\u00adzy\u00adten als Modula\u00adtoren und Effektoren bei Erkrankungen<\/em>. Es wurde ein umfassender Ansatz verfolgt, der sich von\u00a0<em>in vitro\u00a0<\/em>Systemen \u00fcber Tiermodelle bis hin zur klinischen Forschung mit Biobanken und gro\u00dfen, prospektiven Patientenkohorten erstreckte.<\/p>\t\t\t\t\t\t\t\t<\/div>\n\t\t\t\t<\/div>\n\t\t\t\t\t<\/div>\n\t\t<\/div>\n\t\t\t\t\t<\/div>\n\t\t<\/section>\n\t\t\t\t<\/div>\n\t\t","protected":false},"excerpt":{"rendered":"<p>Projektziele des Sonderforschungsbereich Transregio 240 In den vergangenen Jahren wurden auf dem Gebiet der Thrombozytenbiologie sowohl in der Grundlagen- als auch in der translationalen und klinischen Forschung beachtliche Fortschritte erzielt. [&hellip;]<\/p>\n","protected":false},"author":1,"featured_media":1457,"parent":2429,"menu_order":2,"comment_status":"closed","ping_status":"closed","template":"","meta":{"_acf_changed":false,"_exactmetrics_skip_tracking":false,"_exactmetrics_sitenote_active":false,"_exactmetrics_sitenote_note":"","_exactmetrics_sitenote_category":0,"footnotes":"","_links_to":"","_links_to_target":""},"class_list":["post-1894","page","type-page","status-publish","has-post-thumbnail","hentry"],"acf":[],"yoast_head":"<!-- This site is optimized with the Yoast SEO plugin v27.6 - https:\/\/yoast.com\/product\/yoast-seo-wordpress\/ -->\n<title>Projektziele - The W\u00fcrzburg Platelet Group<\/title>\n<meta name=\"robots\" content=\"index, follow, max-snippet:-1, max-image-preview:large, max-video-preview:-1\" \/>\n<link rel=\"canonical\" href=\"https:\/\/www.platelets.eu\/tr240\/mission\/\" \/>\n<meta property=\"og:locale\" content=\"de_DE\" \/>\n<meta property=\"og:type\" content=\"article\" \/>\n<meta property=\"og:title\" content=\"Projektziele - The W\u00fcrzburg Platelet Group\" \/>\n<meta property=\"og:description\" content=\"Projektziele des Sonderforschungsbereich Transregio 240 In den vergangenen Jahren wurden auf dem Gebiet der Thrombozytenbiologie sowohl in der Grundlagen- als auch in der translationalen und klinischen Forschung beachtliche Fortschritte erzielt. [&hellip;]\" \/>\n<meta property=\"og:url\" content=\"https:\/\/www.platelets.eu\/tr240\/mission\/\" \/>\n<meta property=\"og:site_name\" content=\"The W\u00fcrzburg Platelet Group\" \/>\n<meta property=\"article:modified_time\" content=\"2023-12-04T10:46:56+00:00\" \/>\n<meta property=\"og:image\" content=\"https:\/\/www.platelets.eu\/wp-content\/uploads\/2018\/12\/TR240-Header.jpg\" \/>\n\t<meta property=\"og:image:width\" content=\"2048\" \/>\n\t<meta property=\"og:image:height\" content=\"474\" \/>\n\t<meta property=\"og:image:type\" content=\"image\/jpeg\" \/>\n<meta name=\"twitter:card\" content=\"summary_large_image\" \/>\n<meta name=\"twitter:label1\" content=\"Gesch\u00e4tzte Lesezeit\" \/>\n\t<meta name=\"twitter:data1\" content=\"3\u00a0Minuten\" \/>\n<script type=\"application\/ld+json\" class=\"yoast-schema-graph\">{\"@context\":\"https:\\\/\\\/schema.org\",\"@graph\":[{\"@type\":\"WebPage\",\"@id\":\"https:\\\/\\\/www.platelets.eu\\\/tr240\\\/mission\\\/\",\"url\":\"https:\\\/\\\/www.platelets.eu\\\/tr240\\\/mission\\\/\",\"name\":\"Projektziele - The W\u00fcrzburg Platelet Group\",\"isPartOf\":{\"@id\":\"https:\\\/\\\/www.platelets.eu\\\/de\\\/#website\"},\"primaryImageOfPage\":{\"@id\":\"https:\\\/\\\/www.platelets.eu\\\/tr240\\\/mission\\\/#primaryimage\"},\"image\":{\"@id\":\"https:\\\/\\\/www.platelets.eu\\\/tr240\\\/mission\\\/#primaryimage\"},\"thumbnailUrl\":\"https:\\\/\\\/www.platelets.eu\\\/wp-content\\\/uploads\\\/2018\\\/12\\\/TR240-Header.jpg\",\"datePublished\":\"2018-12-11T13:23:30+00:00\",\"dateModified\":\"2023-12-04T10:46:56+00:00\",\"breadcrumb\":{\"@id\":\"https:\\\/\\\/www.platelets.eu\\\/tr240\\\/mission\\\/#breadcrumb\"},\"inLanguage\":\"de\",\"potentialAction\":[{\"@type\":\"ReadAction\",\"target\":[\"https:\\\/\\\/www.platelets.eu\\\/tr240\\\/mission\\\/\"]}]},{\"@type\":\"ImageObject\",\"inLanguage\":\"de\",\"@id\":\"https:\\\/\\\/www.platelets.eu\\\/tr240\\\/mission\\\/#primaryimage\",\"url\":\"https:\\\/\\\/www.platelets.eu\\\/wp-content\\\/uploads\\\/2018\\\/12\\\/TR240-Header.jpg\",\"contentUrl\":\"https:\\\/\\\/www.platelets.eu\\\/wp-content\\\/uploads\\\/2018\\\/12\\\/TR240-Header.jpg\",\"width\":2048,\"height\":474},{\"@type\":\"BreadcrumbList\",\"@id\":\"https:\\\/\\\/www.platelets.eu\\\/tr240\\\/mission\\\/#breadcrumb\",\"itemListElement\":[{\"@type\":\"ListItem\",\"position\":1,\"name\":\"Home\",\"item\":\"https:\\\/\\\/www.platelets.eu\\\/\"},{\"@type\":\"ListItem\",\"position\":2,\"name\":\"TR 240 &#8211; Platelets\",\"item\":\"https:\\\/\\\/www.platelets.eu\\\/tr240\\\/\"},{\"@type\":\"ListItem\",\"position\":3,\"name\":\"Projektziele\"}]},{\"@type\":\"WebSite\",\"@id\":\"https:\\\/\\\/www.platelets.eu\\\/de\\\/#website\",\"url\":\"https:\\\/\\\/www.platelets.eu\\\/de\\\/\",\"name\":\"The W\u00fcrzburg Platelet Group\",\"description\":\"\",\"publisher\":{\"@id\":\"https:\\\/\\\/www.platelets.eu\\\/de\\\/#organization\"},\"potentialAction\":[{\"@type\":\"SearchAction\",\"target\":{\"@type\":\"EntryPoint\",\"urlTemplate\":\"https:\\\/\\\/www.platelets.eu\\\/de\\\/?s={search_term_string}\"},\"query-input\":{\"@type\":\"PropertyValueSpecification\",\"valueRequired\":true,\"valueName\":\"search_term_string\"}}],\"inLanguage\":\"de\"},{\"@type\":\"Organization\",\"@id\":\"https:\\\/\\\/www.platelets.eu\\\/de\\\/#organization\",\"name\":\"The W\u00fcrzburg Platelet Group\",\"url\":\"https:\\\/\\\/www.platelets.eu\\\/de\\\/\",\"logo\":{\"@type\":\"ImageObject\",\"inLanguage\":\"de\",\"@id\":\"https:\\\/\\\/www.platelets.eu\\\/de\\\/#\\\/schema\\\/logo\\\/image\\\/\",\"url\":\"https:\\\/\\\/www.platelets.eu\\\/wp-content\\\/uploads\\\/2018\\\/11\\\/uni-wuerzburg-logo.svg\",\"contentUrl\":\"https:\\\/\\\/www.platelets.eu\\\/wp-content\\\/uploads\\\/2018\\\/11\\\/uni-wuerzburg-logo.svg\",\"caption\":\"The W\u00fcrzburg Platelet Group\"},\"image\":{\"@id\":\"https:\\\/\\\/www.platelets.eu\\\/de\\\/#\\\/schema\\\/logo\\\/image\\\/\"}}]}<\/script>\n<!-- \/ Yoast SEO plugin. -->","yoast_head_json":{"title":"Projektziele - The W\u00fcrzburg Platelet Group","robots":{"index":"index","follow":"follow","max-snippet":"max-snippet:-1","max-image-preview":"max-image-preview:large","max-video-preview":"max-video-preview:-1"},"canonical":"https:\/\/www.platelets.eu\/tr240\/mission\/","og_locale":"de_DE","og_type":"article","og_title":"Projektziele - The W\u00fcrzburg Platelet Group","og_description":"Projektziele des Sonderforschungsbereich Transregio 240 In den vergangenen Jahren wurden auf dem Gebiet der Thrombozytenbiologie sowohl in der Grundlagen- als auch in der translationalen und klinischen Forschung beachtliche Fortschritte erzielt. [&hellip;]","og_url":"https:\/\/www.platelets.eu\/tr240\/mission\/","og_site_name":"The W\u00fcrzburg Platelet Group","article_modified_time":"2023-12-04T10:46:56+00:00","og_image":[{"width":2048,"height":474,"url":"https:\/\/www.platelets.eu\/wp-content\/uploads\/2018\/12\/TR240-Header.jpg","type":"image\/jpeg"}],"twitter_card":"summary_large_image","twitter_misc":{"Gesch\u00e4tzte Lesezeit":"3\u00a0Minuten"},"schema":{"@context":"https:\/\/schema.org","@graph":[{"@type":"WebPage","@id":"https:\/\/www.platelets.eu\/tr240\/mission\/","url":"https:\/\/www.platelets.eu\/tr240\/mission\/","name":"Projektziele - The W\u00fcrzburg Platelet Group","isPartOf":{"@id":"https:\/\/www.platelets.eu\/de\/#website"},"primaryImageOfPage":{"@id":"https:\/\/www.platelets.eu\/tr240\/mission\/#primaryimage"},"image":{"@id":"https:\/\/www.platelets.eu\/tr240\/mission\/#primaryimage"},"thumbnailUrl":"https:\/\/www.platelets.eu\/wp-content\/uploads\/2018\/12\/TR240-Header.jpg","datePublished":"2018-12-11T13:23:30+00:00","dateModified":"2023-12-04T10:46:56+00:00","breadcrumb":{"@id":"https:\/\/www.platelets.eu\/tr240\/mission\/#breadcrumb"},"inLanguage":"de","potentialAction":[{"@type":"ReadAction","target":["https:\/\/www.platelets.eu\/tr240\/mission\/"]}]},{"@type":"ImageObject","inLanguage":"de","@id":"https:\/\/www.platelets.eu\/tr240\/mission\/#primaryimage","url":"https:\/\/www.platelets.eu\/wp-content\/uploads\/2018\/12\/TR240-Header.jpg","contentUrl":"https:\/\/www.platelets.eu\/wp-content\/uploads\/2018\/12\/TR240-Header.jpg","width":2048,"height":474},{"@type":"BreadcrumbList","@id":"https:\/\/www.platelets.eu\/tr240\/mission\/#breadcrumb","itemListElement":[{"@type":"ListItem","position":1,"name":"Home","item":"https:\/\/www.platelets.eu\/"},{"@type":"ListItem","position":2,"name":"TR 240 &#8211; Platelets","item":"https:\/\/www.platelets.eu\/tr240\/"},{"@type":"ListItem","position":3,"name":"Projektziele"}]},{"@type":"WebSite","@id":"https:\/\/www.platelets.eu\/de\/#website","url":"https:\/\/www.platelets.eu\/de\/","name":"The W\u00fcrzburg Platelet Group","description":"","publisher":{"@id":"https:\/\/www.platelets.eu\/de\/#organization"},"potentialAction":[{"@type":"SearchAction","target":{"@type":"EntryPoint","urlTemplate":"https:\/\/www.platelets.eu\/de\/?s={search_term_string}"},"query-input":{"@type":"PropertyValueSpecification","valueRequired":true,"valueName":"search_term_string"}}],"inLanguage":"de"},{"@type":"Organization","@id":"https:\/\/www.platelets.eu\/de\/#organization","name":"The W\u00fcrzburg Platelet Group","url":"https:\/\/www.platelets.eu\/de\/","logo":{"@type":"ImageObject","inLanguage":"de","@id":"https:\/\/www.platelets.eu\/de\/#\/schema\/logo\/image\/","url":"https:\/\/www.platelets.eu\/wp-content\/uploads\/2018\/11\/uni-wuerzburg-logo.svg","contentUrl":"https:\/\/www.platelets.eu\/wp-content\/uploads\/2018\/11\/uni-wuerzburg-logo.svg","caption":"The W\u00fcrzburg Platelet Group"},"image":{"@id":"https:\/\/www.platelets.eu\/de\/#\/schema\/logo\/image\/"}}]}},"_links":{"self":[{"href":"https:\/\/www.platelets.eu\/de\/wp-json\/wp\/v2\/pages\/1894","targetHints":{"allow":["GET"]}}],"collection":[{"href":"https:\/\/www.platelets.eu\/de\/wp-json\/wp\/v2\/pages"}],"about":[{"href":"https:\/\/www.platelets.eu\/de\/wp-json\/wp\/v2\/types\/page"}],"author":[{"embeddable":true,"href":"https:\/\/www.platelets.eu\/de\/wp-json\/wp\/v2\/users\/1"}],"replies":[{"embeddable":true,"href":"https:\/\/www.platelets.eu\/de\/wp-json\/wp\/v2\/comments?post=1894"}],"version-history":[{"count":10,"href":"https:\/\/www.platelets.eu\/de\/wp-json\/wp\/v2\/pages\/1894\/revisions"}],"predecessor-version":[{"id":4396,"href":"https:\/\/www.platelets.eu\/de\/wp-json\/wp\/v2\/pages\/1894\/revisions\/4396"}],"up":[{"embeddable":true,"href":"https:\/\/www.platelets.eu\/de\/wp-json\/wp\/v2\/pages\/2429"}],"wp:featuredmedia":[{"embeddable":true,"href":"https:\/\/www.platelets.eu\/de\/wp-json\/wp\/v2\/media\/1457"}],"wp:attachment":[{"href":"https:\/\/www.platelets.eu\/de\/wp-json\/wp\/v2\/media?parent=1894"}],"curies":[{"name":"wp","href":"https:\/\/api.w.org\/{rel}","templated":true}]}}