{"id":2361,"date":"2018-12-17T13:52:40","date_gmt":"2018-12-17T12:52:40","guid":{"rendered":"https:\/\/www.platelets.eu\/thrombo-inflame\/"},"modified":"2019-07-02T09:50:40","modified_gmt":"2019-07-02T07:50:40","slug":"thrombo-inflame","status":"publish","type":"page","link":"https:\/\/www.platelets.eu\/de\/thrombo-inflame\/","title":{"rendered":"Thrombo-Inflame"},"content":{"rendered":"\t\t<div data-elementor-type=\"wp-post\" data-elementor-id=\"2361\" class=\"elementor elementor-2361 elementor-108 elementor-bc-flex-widget\" data-elementor-post-type=\"page\">\n\t\t\t\t\t\t<section class=\"has_eae_slider elementor-section elementor-top-section elementor-element elementor-element-7b8ca8a3 elementor-section-boxed elementor-section-height-default elementor-section-height-default\" data-eae-slider=\"94594\" data-id=\"7b8ca8a3\" data-element_type=\"section\" data-e-type=\"section\">\n\t\t\t\t\t\t<div class=\"elementor-container elementor-column-gap-default\">\n\t\t\t\t\t<div class=\"has_eae_slider aux-parallax-section elementor-column elementor-col-100 elementor-top-column elementor-element elementor-element-1881274e\" data-eae-slider=\"23887\" data-id=\"1881274e\" data-element_type=\"column\" data-e-type=\"column\">\n\t\t\t<div class=\"elementor-widget-wrap elementor-element-populated\">\n\t\t\t\t\t\t<div class=\"elementor-element elementor-element-71886ac6 elementor-widget elementor-widget-text-editor\" data-id=\"71886ac6\" data-element_type=\"widget\" data-e-type=\"widget\" data-widget_type=\"text-editor.default\">\n\t\t\t\t<div class=\"elementor-widget-container\">\n\t\t\t\t\t\t\t\t\t<h2>Aktuelles<\/h2>\n<h3>Am 4. Mai besuchten Wissenschaftler der Firma eXcorLab das Rudolf-Virchow-Zentrum.<\/h3>\n<p><strong>Bei einem Treffen mit Prof. Dr. Bernhard Nieswandt, Dr. David Stegner und Dr. Georgi Manukjan wurden aktuelle Aspekte der Anwendung von Dialyseverfahren diskutiert.<\/strong><\/p>\n<p><a href=\"https:\/\/www.platelets.eu\/wp-content\/uploads\/2018\/12\/csm_excorlab_2a76993651.jpg\"><img fetchpriority=\"high\" decoding=\"async\" class=\"alignnone size-full wp-image-2340\" src=\"https:\/\/www.platelets.eu\/wp-content\/uploads\/2018\/12\/csm_excorlab_2a76993651.jpg\" alt=\"\" width=\"450\" height=\"233\" srcset=\"https:\/\/www.platelets.eu\/wp-content\/uploads\/2018\/12\/csm_excorlab_2a76993651.jpg 450w, https:\/\/www.platelets.eu\/wp-content\/uploads\/2018\/12\/csm_excorlab_2a76993651-300x155.jpg 300w\" sizes=\"(max-width: 450px) 100vw, 450px\" \/><\/a><\/p>\n<p class=\"bodytext\">Die eXcorLab GmbH wurde im Jahr 1983 als biochemisches und zellbiologisches Labor der Firma Akzo Nobel gegr\u00fcndet und besch\u00e4ftigt sich seither mit Membrananwendungen in Medizin und Biotechnologie. Seit 2005 ist die eXcorLab GmbH ein unabhabh\u00e4ngiges Klein- und mittelst\u00e4ndisches Unternehmen im Bereich der Lebenswissenschaften.<\/p>\n<p class=\"bodytext\">Die Kernkompetenz liegt in der Auftragsforschung im Bereich Nephrologie, Dialyse, Apherese und Zellkultur.<\/p>\n<p class=\"bodytext\">Die Firma eXcorLab GmbH begleitet die Entwicklung von Medizinprodukten wie Dialyse- und Oxygenationsmembranen, Knochenzement und andere Materialien zur Anwendung in den Lebenswissenschaften (z.B. Medizintechnik, Biotechnologie).<\/p>\n<h3>Erster Firmenbesuch bei Simfo &#8211; Spezielle Immunologie Forschung + Entwicklung GmbH in Bayreuth<\/h3>\n<p><strong>Am 17. Januar besuchten Herr Prof. Dr. Bernhard Nieswandt und Dr. David Stegner die Firma Simfo in Bayreuth. Beim Treffen mit Dr. Ulrich Pachmann wurde ein Fahrplan f\u00fcr die Kooperationsprojekte besprochen.<\/strong><\/p>\n<p><a href=\"https:\/\/www.platelets.eu\/wp-content\/uploads\/2018\/12\/csm_simfo_adae893560.jpg\"><img decoding=\"async\" class=\"alignnone size-full wp-image-2342\" src=\"https:\/\/www.platelets.eu\/wp-content\/uploads\/2018\/12\/csm_simfo_adae893560.jpg\" alt=\"\" width=\"450\" height=\"254\" srcset=\"https:\/\/www.platelets.eu\/wp-content\/uploads\/2018\/12\/csm_simfo_adae893560.jpg 450w, https:\/\/www.platelets.eu\/wp-content\/uploads\/2018\/12\/csm_simfo_adae893560-300x169.jpg 300w\" sizes=\"(max-width: 450px) 100vw, 450px\" \/><\/a><\/p>\n<p><em>Dr. David Stegner, Dr. Ulrich Pachmann, Prof. Dr. Bernhard Nieswandt<\/em><\/p>\n<p>s<\/p>\n<p class=\"bodytext\">Die in Bayreuth ans\u00e4ssige simfo GmbH ist eine Forschungs- und Entwicklungseinrichtung mit hoher Kompetenz in der personalisierten Medizin. Besondere Schwerpunkte bilden die Entwicklung innovativer Analyseverfahren in der h\u00e4matologischen und onkologischen Diagnostik zur Optimierung der individualisierten Therapie. Mit maintrac\u00ae bietet die simfo GmbH eine Analyseplattform zur fr\u00fchzeitigen Detektion von zirkulierenden Tumorzellen. Dies erm\u00f6glicht raschere Interventionsm\u00f6glichkeiten und damit eine verbesserte Therapie.<\/p>\n<p class=\"bodytext\">Biotechnik- und Pharmafirmen finden in der simfo einen professionellen Partner in der Durchf\u00fchrung wissenschaftlicher Studien sowie in pr\u00e4klinischen Phasen der Medikamentenentwicklung. Die Stratifzierung der Patienten mit Hilfe der maintrac\u00ae Plattform erm\u00f6glicht es, Responder von Non-Respondern effektiv zu unterscheiden.<\/p>\n<h3>Gelungener Auftakt zu EFRE-Projekt \u201eThrombo-Inflame\u201c<\/h3>\n<p><strong>Kick-off Meeting zwischen Wissenschaftlern des Rudolf-Virchow-Zentrums und Partnern von regionalen mittelst\u00e4ndischen Pharma- und Biotech-Unternehmen verdeutlicht die Chancen des innovativen EFRE-Projektes zur Erforschung thrombo-inflammatorischer Erkrankungen.<\/strong><\/p>\n<p><a href=\"https:\/\/www.platelets.eu\/wp-content\/uploads\/2018\/12\/csm_kick-off-gruppenfoto_e63009f4ac.jpg\"><img decoding=\"async\" class=\"alignnone size-full wp-image-2344\" src=\"https:\/\/www.platelets.eu\/wp-content\/uploads\/2018\/12\/csm_kick-off-gruppenfoto_e63009f4ac.jpg\" alt=\"\" width=\"450\" height=\"271\" srcset=\"https:\/\/www.platelets.eu\/wp-content\/uploads\/2018\/12\/csm_kick-off-gruppenfoto_e63009f4ac.jpg 450w, https:\/\/www.platelets.eu\/wp-content\/uploads\/2018\/12\/csm_kick-off-gruppenfoto_e63009f4ac-300x181.jpg 300w\" sizes=\"(max-width: 450px) 100vw, 450px\" \/><\/a><\/p>\n<p><em>Die beteiligte Wissenschaftler und Kooperationsparner<\/em><\/p>\n<p class=\"bodytext\">Am 12. Mai 2017 trafen sich Wissenschaftler der AG Nieswandt mit Vertretern der sechs kooperierenden Unternehmen, um die M\u00f6glichkeiten und Perspektiven des neu gegr\u00fcndeten Translationsnetzwerks &#8222;Thombo-Inflame&#8220; zu er\u00f6rtern. Ziel dieses Netzwerkes ist die Schaffung einer Plattform zum wissenschaftlichen Austausch zwischen universit\u00e4rer Forschung und mittelst\u00e4ndischen Unternehmen, um Grundlagen f\u00fcr die Entwicklung neuer Diagnose- und Therapieverfahren im Bereich der thrombo-inflammatorischen Erkrankungen zu schaffen.<\/p>\n<p class=\"bodytext\">Neben den Firmenvorstellungen der Kooperationspartner und den Vorstellungen der Forschungsprojekte der beteiligten Wissenschaftler bot das Meeting eine hervorragende M\u00f6glichkeit, bei einem &#8222;runden Tisch&#8220; die gemeinsam angestrebten Ziele zu besprechen. Au\u00dferdem konnten bereits initiale Kooperationsprojekte angeschoben werden. Als Basis f\u00fcr eine erfolgreiche Kommunikation der Entwicklung des Translationsnetzwerkes wurde schlie\u00dflich die neue Projekt-Website vorgestellt.<\/p>\n<p class=\"bodytext\">Beteiligt am Projekt &#8222;Thrombo-Inflame&#8220; sind neben Prof. Dr. Bernhard Nieswandt die Wissenschaftler Prof. Dr. Harald Schulze, Dr. David Stegner, Dr. Julia Preu, Dr. Markus Bender und Dr. Irina Pleines. Zu den Partnerfirmen z\u00e4hlen die Biotechnologieunternehmen EMFRET analytics, immunoGlobe, eXcorLab, SIMFO und VASOPHARM, sowie das Diagnostikunternehmen LABOKLIN.<\/p>\n<p class=\"bodytext\">Das Projekt wird mit rund 1,8 Millionen Euro aus dem Europ\u00e4ischen Fonds f\u00fcr regionale Entwicklung (EFRE) gef\u00f6rdert und st\u00e4rkt den Technologietransfer zwischen Hochschulforschung und mittelst\u00e4ndischen Unternehmen.<\/p>\n<p><a href=\"https:\/\/www.platelets.eu\/wp-content\/uploads\/2018\/12\/thrombo-inflame-kickoff-agenda.pdf\"><img loading=\"lazy\" decoding=\"async\" class=\"alignnone wp-image-2346 size-full\" src=\"https:\/\/www.platelets.eu\/wp-content\/uploads\/2018\/12\/csm_thrombo-inflame-kickoff-agenda_21b3e0a1cb.png\" alt=\"\" width=\"150\" height=\"213\" \/><\/a><\/p>\n<p><a href=\"https:\/\/www.platelets.eu\/wp-content\/uploads\/2018\/12\/thrombo-inflame-kickoff-agenda.pdf\">thrombo-inflame-kickoff-agenda.pdf<\/a><br \/>\nProgramm zum Download<\/p>\n\t\t\t\t\t\t\t\t<\/div>\n\t\t\t\t<\/div>\n\t\t\t\t\t<\/div>\n\t\t<\/div>\n\t\t\t\t\t<\/div>\n\t\t<\/section>\n\t\t\t\t<\/div>\n\t\t","protected":false},"excerpt":{"rendered":"<p>Aktuelles Am 4. Mai besuchten Wissenschaftler der Firma eXcorLab das Rudolf-Virchow-Zentrum. Bei einem Treffen mit Prof. Dr. Bernhard Nieswandt, Dr. David Stegner und Dr. Georgi Manukjan wurden aktuelle Aspekte der [&hellip;]<\/p>\n","protected":false},"author":1,"featured_media":1408,"parent":0,"menu_order":8,"comment_status":"closed","ping_status":"closed","template":"","meta":{"_acf_changed":false,"_exactmetrics_skip_tracking":false,"_exactmetrics_sitenote_active":false,"_exactmetrics_sitenote_note":"","_exactmetrics_sitenote_category":0,"footnotes":"","_links_to":"","_links_to_target":""},"class_list":["post-2361","page","type-page","status-publish","has-post-thumbnail","hentry"],"acf":[],"yoast_head":"<!-- This site is optimized with the Yoast SEO plugin v27.5 - https:\/\/yoast.com\/product\/yoast-seo-wordpress\/ -->\n<title>Thrombo-Inflame - The W\u00fcrzburg Platelet Group<\/title>\n<meta name=\"robots\" content=\"index, follow, max-snippet:-1, max-image-preview:large, max-video-preview:-1\" \/>\n<link rel=\"canonical\" href=\"https:\/\/www.platelets.eu\/de\/thrombo-inflame\/\" \/>\n<meta property=\"og:locale\" content=\"de_DE\" \/>\n<meta property=\"og:type\" content=\"article\" \/>\n<meta property=\"og:title\" content=\"Thrombo-Inflame - The W\u00fcrzburg Platelet Group\" \/>\n<meta property=\"og:description\" content=\"Aktuelles Am 4. Mai besuchten Wissenschaftler der Firma eXcorLab das Rudolf-Virchow-Zentrum. Bei einem Treffen mit Prof. Dr. Bernhard Nieswandt, Dr. David Stegner und Dr. Georgi Manukjan wurden aktuelle Aspekte der [&hellip;]\" \/>\n<meta property=\"og:url\" content=\"https:\/\/www.platelets.eu\/de\/thrombo-inflame\/\" \/>\n<meta property=\"og:site_name\" content=\"The W\u00fcrzburg Platelet Group\" \/>\n<meta property=\"article:modified_time\" content=\"2019-07-02T07:50:40+00:00\" \/>\n<meta property=\"og:image\" content=\"https:\/\/www.platelets.eu\/wp-content\/uploads\/2018\/11\/C3-WT-GA.lif-Image004.jpg\" \/>\n\t<meta property=\"og:image:width\" content=\"1392\" \/>\n\t<meta property=\"og:image:height\" content=\"1040\" \/>\n\t<meta property=\"og:image:type\" content=\"image\/jpeg\" \/>\n<meta name=\"twitter:card\" content=\"summary_large_image\" \/>\n<meta name=\"twitter:label1\" content=\"Gesch\u00e4tzte Lesezeit\" \/>\n\t<meta name=\"twitter:data1\" content=\"3\u00a0Minuten\" \/>\n<script type=\"application\/ld+json\" class=\"yoast-schema-graph\">{\"@context\":\"https:\\\/\\\/schema.org\",\"@graph\":[{\"@type\":\"WebPage\",\"@id\":\"https:\\\/\\\/www.platelets.eu\\\/de\\\/thrombo-inflame\\\/\",\"url\":\"https:\\\/\\\/www.platelets.eu\\\/de\\\/thrombo-inflame\\\/\",\"name\":\"Thrombo-Inflame - The W\u00fcrzburg Platelet Group\",\"isPartOf\":{\"@id\":\"https:\\\/\\\/www.platelets.eu\\\/de\\\/#website\"},\"primaryImageOfPage\":{\"@id\":\"https:\\\/\\\/www.platelets.eu\\\/de\\\/thrombo-inflame\\\/#primaryimage\"},\"image\":{\"@id\":\"https:\\\/\\\/www.platelets.eu\\\/de\\\/thrombo-inflame\\\/#primaryimage\"},\"thumbnailUrl\":\"https:\\\/\\\/www.platelets.eu\\\/wp-content\\\/uploads\\\/2018\\\/11\\\/C3-WT-GA.lif-Image004.jpg\",\"datePublished\":\"2018-12-17T12:52:40+00:00\",\"dateModified\":\"2019-07-02T07:50:40+00:00\",\"breadcrumb\":{\"@id\":\"https:\\\/\\\/www.platelets.eu\\\/de\\\/thrombo-inflame\\\/#breadcrumb\"},\"inLanguage\":\"de\",\"potentialAction\":[{\"@type\":\"ReadAction\",\"target\":[\"https:\\\/\\\/www.platelets.eu\\\/de\\\/thrombo-inflame\\\/\"]}]},{\"@type\":\"ImageObject\",\"inLanguage\":\"de\",\"@id\":\"https:\\\/\\\/www.platelets.eu\\\/de\\\/thrombo-inflame\\\/#primaryimage\",\"url\":\"https:\\\/\\\/www.platelets.eu\\\/wp-content\\\/uploads\\\/2018\\\/11\\\/C3-WT-GA.lif-Image004.jpg\",\"contentUrl\":\"https:\\\/\\\/www.platelets.eu\\\/wp-content\\\/uploads\\\/2018\\\/11\\\/C3-WT-GA.lif-Image004.jpg\",\"width\":1392,\"height\":1040,\"caption\":\"Thrombo Inflame\"},{\"@type\":\"BreadcrumbList\",\"@id\":\"https:\\\/\\\/www.platelets.eu\\\/de\\\/thrombo-inflame\\\/#breadcrumb\",\"itemListElement\":[{\"@type\":\"ListItem\",\"position\":1,\"name\":\"Home\",\"item\":\"https:\\\/\\\/www.platelets.eu\\\/\"},{\"@type\":\"ListItem\",\"position\":2,\"name\":\"Thrombo-Inflame\"}]},{\"@type\":\"WebSite\",\"@id\":\"https:\\\/\\\/www.platelets.eu\\\/de\\\/#website\",\"url\":\"https:\\\/\\\/www.platelets.eu\\\/de\\\/\",\"name\":\"The W\u00fcrzburg Platelet Group\",\"description\":\"\",\"publisher\":{\"@id\":\"https:\\\/\\\/www.platelets.eu\\\/de\\\/#organization\"},\"potentialAction\":[{\"@type\":\"SearchAction\",\"target\":{\"@type\":\"EntryPoint\",\"urlTemplate\":\"https:\\\/\\\/www.platelets.eu\\\/de\\\/?s={search_term_string}\"},\"query-input\":{\"@type\":\"PropertyValueSpecification\",\"valueRequired\":true,\"valueName\":\"search_term_string\"}}],\"inLanguage\":\"de\"},{\"@type\":\"Organization\",\"@id\":\"https:\\\/\\\/www.platelets.eu\\\/de\\\/#organization\",\"name\":\"The W\u00fcrzburg Platelet Group\",\"url\":\"https:\\\/\\\/www.platelets.eu\\\/de\\\/\",\"logo\":{\"@type\":\"ImageObject\",\"inLanguage\":\"de\",\"@id\":\"https:\\\/\\\/www.platelets.eu\\\/de\\\/#\\\/schema\\\/logo\\\/image\\\/\",\"url\":\"https:\\\/\\\/www.platelets.eu\\\/wp-content\\\/uploads\\\/2018\\\/11\\\/uni-wuerzburg-logo.svg\",\"contentUrl\":\"https:\\\/\\\/www.platelets.eu\\\/wp-content\\\/uploads\\\/2018\\\/11\\\/uni-wuerzburg-logo.svg\",\"caption\":\"The W\u00fcrzburg Platelet Group\"},\"image\":{\"@id\":\"https:\\\/\\\/www.platelets.eu\\\/de\\\/#\\\/schema\\\/logo\\\/image\\\/\"}}]}<\/script>\n<!-- \/ Yoast SEO plugin. -->","yoast_head_json":{"title":"Thrombo-Inflame - The W\u00fcrzburg Platelet Group","robots":{"index":"index","follow":"follow","max-snippet":"max-snippet:-1","max-image-preview":"max-image-preview:large","max-video-preview":"max-video-preview:-1"},"canonical":"https:\/\/www.platelets.eu\/de\/thrombo-inflame\/","og_locale":"de_DE","og_type":"article","og_title":"Thrombo-Inflame - The W\u00fcrzburg Platelet Group","og_description":"Aktuelles Am 4. Mai besuchten Wissenschaftler der Firma eXcorLab das Rudolf-Virchow-Zentrum. Bei einem Treffen mit Prof. Dr. Bernhard Nieswandt, Dr. David Stegner und Dr. Georgi Manukjan wurden aktuelle Aspekte der [&hellip;]","og_url":"https:\/\/www.platelets.eu\/de\/thrombo-inflame\/","og_site_name":"The W\u00fcrzburg Platelet Group","article_modified_time":"2019-07-02T07:50:40+00:00","og_image":[{"width":1392,"height":1040,"url":"https:\/\/www.platelets.eu\/wp-content\/uploads\/2018\/11\/C3-WT-GA.lif-Image004.jpg","type":"image\/jpeg"}],"twitter_card":"summary_large_image","twitter_misc":{"Gesch\u00e4tzte Lesezeit":"3\u00a0Minuten"},"schema":{"@context":"https:\/\/schema.org","@graph":[{"@type":"WebPage","@id":"https:\/\/www.platelets.eu\/de\/thrombo-inflame\/","url":"https:\/\/www.platelets.eu\/de\/thrombo-inflame\/","name":"Thrombo-Inflame - The W\u00fcrzburg Platelet Group","isPartOf":{"@id":"https:\/\/www.platelets.eu\/de\/#website"},"primaryImageOfPage":{"@id":"https:\/\/www.platelets.eu\/de\/thrombo-inflame\/#primaryimage"},"image":{"@id":"https:\/\/www.platelets.eu\/de\/thrombo-inflame\/#primaryimage"},"thumbnailUrl":"https:\/\/www.platelets.eu\/wp-content\/uploads\/2018\/11\/C3-WT-GA.lif-Image004.jpg","datePublished":"2018-12-17T12:52:40+00:00","dateModified":"2019-07-02T07:50:40+00:00","breadcrumb":{"@id":"https:\/\/www.platelets.eu\/de\/thrombo-inflame\/#breadcrumb"},"inLanguage":"de","potentialAction":[{"@type":"ReadAction","target":["https:\/\/www.platelets.eu\/de\/thrombo-inflame\/"]}]},{"@type":"ImageObject","inLanguage":"de","@id":"https:\/\/www.platelets.eu\/de\/thrombo-inflame\/#primaryimage","url":"https:\/\/www.platelets.eu\/wp-content\/uploads\/2018\/11\/C3-WT-GA.lif-Image004.jpg","contentUrl":"https:\/\/www.platelets.eu\/wp-content\/uploads\/2018\/11\/C3-WT-GA.lif-Image004.jpg","width":1392,"height":1040,"caption":"Thrombo Inflame"},{"@type":"BreadcrumbList","@id":"https:\/\/www.platelets.eu\/de\/thrombo-inflame\/#breadcrumb","itemListElement":[{"@type":"ListItem","position":1,"name":"Home","item":"https:\/\/www.platelets.eu\/"},{"@type":"ListItem","position":2,"name":"Thrombo-Inflame"}]},{"@type":"WebSite","@id":"https:\/\/www.platelets.eu\/de\/#website","url":"https:\/\/www.platelets.eu\/de\/","name":"The W\u00fcrzburg Platelet Group","description":"","publisher":{"@id":"https:\/\/www.platelets.eu\/de\/#organization"},"potentialAction":[{"@type":"SearchAction","target":{"@type":"EntryPoint","urlTemplate":"https:\/\/www.platelets.eu\/de\/?s={search_term_string}"},"query-input":{"@type":"PropertyValueSpecification","valueRequired":true,"valueName":"search_term_string"}}],"inLanguage":"de"},{"@type":"Organization","@id":"https:\/\/www.platelets.eu\/de\/#organization","name":"The W\u00fcrzburg Platelet Group","url":"https:\/\/www.platelets.eu\/de\/","logo":{"@type":"ImageObject","inLanguage":"de","@id":"https:\/\/www.platelets.eu\/de\/#\/schema\/logo\/image\/","url":"https:\/\/www.platelets.eu\/wp-content\/uploads\/2018\/11\/uni-wuerzburg-logo.svg","contentUrl":"https:\/\/www.platelets.eu\/wp-content\/uploads\/2018\/11\/uni-wuerzburg-logo.svg","caption":"The W\u00fcrzburg Platelet Group"},"image":{"@id":"https:\/\/www.platelets.eu\/de\/#\/schema\/logo\/image\/"}}]}},"_links":{"self":[{"href":"https:\/\/www.platelets.eu\/de\/wp-json\/wp\/v2\/pages\/2361","targetHints":{"allow":["GET"]}}],"collection":[{"href":"https:\/\/www.platelets.eu\/de\/wp-json\/wp\/v2\/pages"}],"about":[{"href":"https:\/\/www.platelets.eu\/de\/wp-json\/wp\/v2\/types\/page"}],"author":[{"embeddable":true,"href":"https:\/\/www.platelets.eu\/de\/wp-json\/wp\/v2\/users\/1"}],"replies":[{"embeddable":true,"href":"https:\/\/www.platelets.eu\/de\/wp-json\/wp\/v2\/comments?post=2361"}],"version-history":[{"count":3,"href":"https:\/\/www.platelets.eu\/de\/wp-json\/wp\/v2\/pages\/2361\/revisions"}],"predecessor-version":[{"id":2364,"href":"https:\/\/www.platelets.eu\/de\/wp-json\/wp\/v2\/pages\/2361\/revisions\/2364"}],"wp:featuredmedia":[{"embeddable":true,"href":"https:\/\/www.platelets.eu\/de\/wp-json\/wp\/v2\/media\/1408"}],"wp:attachment":[{"href":"https:\/\/www.platelets.eu\/de\/wp-json\/wp\/v2\/media?parent=2361"}],"curies":[{"name":"wp","href":"https:\/\/api.w.org\/{rel}","templated":true}]}}